{"id":79513,"date":"2020-07-08T16:21:00","date_gmt":"2020-07-08T16:21:00","guid":{"rendered":"https:\/\/www.martas.pt\/terms-and-conditions\/"},"modified":"2020-07-09T08:56:56","modified_gmt":"2020-07-09T08:56:56","slug":"terms-and-conditions","status":"publish","type":"page","link":"https:\/\/www.martas.pt\/en\/terms-and-conditions\/","title":{"rendered":"Terms and Conditions"},"content":{"rendered":"&#13;\n<h1 class=\"wp-block-heading\"><strong>Terms and Conditions<\/strong><\/h1>&#13;\n<p>\u00a0<\/p>&#13;\n<p>Agradecemos que leia com aten\u00e7\u00e3o o regulamento da Loja Online antes de utiliz\u00e1-la. Ao utilizar esta Loja Online, est\u00e1 automaticamente a concordar com o seu regulamento.<br\/>A Marta Espregueira Mendes &#8211; Arquitectura e Decora\u00e7\u00e3o de Interiores, Unipessoal, Lda, NIF 503948373, com sede em Rua de Fez, N\u00ba 691 4150-331 Porto, doravante designada Marta\u2019s.<\/p>&#13;\n<p>Se n\u00e3o aceitar integralmente qualquer das condi\u00e7\u00f5es estabelecidas, n\u00e3o dever\u00e1 aceder\/utilizar esta Loja Online. Ao consultar, utilizar ou descarregar o conte\u00fado, est\u00e1 a comprometer-se a respeitar as condi\u00e7\u00f5es estabelecidas neste documento e na\u00a0<a href=\"https:\/\/www.martas.pt\/politica-privacidade\">Pol\u00edtica de Privacidade<\/a>.<\/p>&#13;\n<p>A MARTA\u2019S reserva-se o direito de alterar e atualizar as presentes Condi\u00e7\u00f5es Gerais sem aviso pr\u00e9vio.<\/p>&#13;\n<p>Toda a informa\u00e7\u00e3o dada pelo Cliente deve ser verdadeira. O Cliente tem a obriga\u00e7\u00e3o de atualizar a informa\u00e7\u00e3o facultada \u00e0 MARTA\u2019S, sempre que essa sofra quaisquer altera\u00e7\u00f5es. O Cliente responsabiliza-se expressamente por quaisquer declara\u00e7\u00f5es falsas ou inexatas que preste e pelos preju\u00edzos que provoque \u00e0 MARTA\u2019S ou a terceiros, com a informa\u00e7\u00e3o que faculte.<\/p>&#13;\n<p>No caso de viola\u00e7\u00e3o das presentes Condi\u00e7\u00f5es Gerais, a MARTA\u2019S reserva-se o direito de exercer toda e qualquer a\u00e7\u00e3o legalmente prevista. Al\u00e9m disso, a MARTA\u2019S reserva-se o direito de, discricionariamente, dar como terminado o acesso ou utiliza\u00e7\u00e3o da Loja Online, com ou sem notifica\u00e7\u00e3o do Cliente.<\/p>&#13;\n<p>\u00c9 do conhecimento do Cliente que a utiliza\u00e7\u00e3o da Loja Online pode n\u00e3o ser 100% segura, pelo que existe a possibilidade de as informa\u00e7\u00f5es enviadas\/recebidas serem intercetadas por partes n\u00e3o autorizadas, n\u00e3o podendo tal ser imputado \u00e0 MARTA\u2019S. A proposta contratual constante da Loja Online \u00e9 dirigida apenas a pessoas maiores de idade, aceitando o Cliente que apenas pode ser utilizado por utilizadores maiores de idade com plena capacidade contratual e que, portanto, se possam responsabilizar pelos compromissos resultantes da compra e venda.<\/p>&#13;\n<p>\u00a0<\/p>&#13;\n<h2><strong>I. Online shopping<\/strong><\/h2>&#13;\n<h4>1st step: selecting products to add to cart (price in Euro)<\/h4>&#13;\n<p>O Cliente desde j\u00e1 aceita e reconhece expressamente que:<\/p>&#13;\n<ul><li>As fotografias apresentadas na Loja online t\u00eam car\u00e1ter meramente ilustrativo, devendo o Cliente proceder \u00e0 atenta e integral leitura das informa\u00e7\u00f5es sobre as caracter\u00edsticas essenciais dos artigos que se encontram descritas, podendo, em caso de d\u00favida, contactar a MARTA\u2019S a fim de obter quaisquer informa\u00e7\u00f5es ou detalhes adicionais;<\/li>&#13;\n<li>A MARTA\u2019S empreender\u00e1 todos os esfor\u00e7os razo\u00e1veis para incluir informa\u00e7\u00e3o exata e atualizada na Loja Online MARTA\u2019S sobre os produtos;<\/li>&#13;\n<li>O pre\u00e7o dos artigos indicados na Loja online corresponde ao valor integral a pagar pelo Cliente e \u00e9 completamente independente da eventual flutua\u00e7\u00e3o de pre\u00e7os praticados pela MARTA\u2019S na sua loja f\u00edsica.<\/li>&#13;\n<\/ul><p>\u00a0<\/p>&#13;\n<h4>2nd step: registration form<\/h4>&#13;\n<p>Para efeitos de confirma\u00e7\u00e3o da sua encomenda, ter\u00e1 o Cliente de preencher um formul\u00e1rio, no qual dever\u00e1 indicar:<\/p>&#13;\n<ul><li>Nome completo<\/li>&#13;\n<li>Nome da empresa<\/li>&#13;\n<li>Pa\u00eds<\/li>&#13;\n<li>Morada de fatura\u00e7\u00e3o<\/li>&#13;\n<li>Morada de entrega<\/li>&#13;\n<li>Telefone<\/li>&#13;\n<li>Email<\/li>&#13;\n<li>NIF<\/li>&#13;\n<\/ul><p>\u00a0<\/p>&#13;\n<p>O Cliente garante a veracidade e exatid\u00e3o dos dados fornecidos ao preencher os formul\u00e1rios, sendo respons\u00e1vel pelos preju\u00edzos causados \u00e0 MARTA\u2019S resultantes da incorre\u00e7\u00e3o dos mesmos. O Cliente obriga-se a comunicar, por escrito, \u00e0 MARTA\u2019S qualquer altera\u00e7\u00e3o dos dados pessoais fornecidos que ocorra durante a vig\u00eancia do presente contrato.<\/p>&#13;\n<p>\u00a0<\/p>&#13;\n<h4>3rd step: cart validation, personal data, billing and payment.<\/h4>&#13;\n<p>O Cliente compromete-se a verificar atentamente os dados constantes do seu resumo de encomenda, confirmando os artigos e servi\u00e7os selecionados no carrinho de compras, dados do Cliente e dados de fatura\u00e7\u00e3o, devendo neste momento retroceder aos passos anteriores a fim de proceder \u00e0 respetiva retifica\u00e7\u00e3o caso detete alguma desconformidade.<\/p>&#13;\n<h5>Payment methods<\/h5>&#13;\n<p><strong>Cart\u00e3o de cr\u00e9dito Master card ou visa<\/strong><\/p>&#13;\n<ul><li>Dados a recolher: n\u00famero de cart\u00e3o, data de validade e c\u00f3digo CVV.<\/li>&#13;\n<\/ul><p>\u00a0<\/p>&#13;\n<p><strong>Transfer\u00eancia banc\u00e1ria<\/strong><\/p>&#13;\n<ul><li>Efetuar transfer\u00eancia para o IBAN indicado e enviar o comprovativo para o email <a href=\"mailto:geral@martas.pt\">geral@martas.pt<\/a><\/li>&#13;\n<\/ul><p>\u00a0<\/p>&#13;\n<p><strong>MB Way<\/strong><\/p>&#13;\n<ul><li>Dados a recolher: n\u00famero de telem\u00f3vel.<\/li>&#13;\n<\/ul><p>\u00a0<\/p>&#13;\n<p><strong>Refer\u00eancia multibanco<\/strong><\/p>&#13;\n<ul><li>Efetuar pagamento de servi\u00e7os utilizando a refer\u00eancia fornecida.<\/li>&#13;\n<\/ul><p>\u00a0<\/p>&#13;\n<p>Ap\u00f3s conclus\u00e3o dos passos anteriores e da confirma\u00e7\u00e3o de aceita\u00e7\u00e3o das presentes Condi\u00e7\u00f5es Gerais, o Cliente ter\u00e1 a possibilidade de ativar o bot\u00e3o \u201c<strong>CONFIRMAR ENCOMENDA<\/strong>\u201d.<\/p>&#13;\n<p>A MARTA\u2019S acusar\u00e1 a rece\u00e7\u00e3o da encomenda por mensagem de correio eletr\u00f3nico enviada para o email fornecido pelo Cliente. Uma vez confirmado o pagamento pela MARTA\u2019S, a respetiva fatura ser\u00e1 remetida com os artigos objeto da compra e venda, aquando a recolha dos mesmos.<\/p>&#13;\n<p>Altera\u00e7\u00f5es posteriores \u00e0s atuais condi\u00e7\u00f5es gerais n\u00e3o vinculam o Cliente. O Cliente dever\u00e1 imprimir uma c\u00f3pia destas condi\u00e7\u00f5es gerais para o seu registo futuro visto que os contratos celebrados n\u00e3o s\u00e3o arquivados pela MARTA\u2019S. O presente contrato formalizar-se-\u00e1 em l\u00edngua portuguesa.<\/p>&#13;\n<p>\u00a0<\/p>&#13;\n<h4>4th step &#8211; shipping<\/h4>&#13;\n<h5>A) In-store pickup<\/h5>&#13;\n<p>O cliente poder\u00e1 optar pelo levantamento da sua compra online no showroom MARTA\u2019S. Ap\u00f3s rece\u00e7\u00e3o da mensagem de correio eletr\u00f3nico enviada para o email fornecido pelo Cliente que confirma a chegada da encomenda, o Cliente dever\u00e1 dirigir-se ao showroom MARTA\u2019S para proceder ao levantamento da mesma.<\/p>&#13;\n<p>No momento da recolha, o Cliente deve verificar toda a mercadoria acondicionada na embalagem, a correspond\u00eancia entre as refer\u00eancias dos artigos adquiridos e as refer\u00eancias dos artigos entregues, a quantidade e o estado dos mesmos.<\/p>&#13;\n<p>No caso de detetar defeitos ou danos nos artigos e\/ou se os artigos n\u00e3o coincidirem com o seu pedido de encomenda, o Cliente deve identificar os danos ou defeitos na folha destinada a esse efeito. Deve tamb\u00e9m contactar a MARTA\u2019S nos 2 dias a seguir \u00e0 data de entrega.<\/p>&#13;\n<p>\u00a0<\/p>&#13;\n<h5>B) Delivery<\/h5>&#13;\n<p><strong>Entrega dos Artigos \/ Transporte pelos CTT<\/strong><\/p>&#13;\n<p>Ao subscrever esta presta\u00e7\u00e3o de servi\u00e7os, o Cliente dever\u00e1 ter presente que a entrega de encomendas via CTT est\u00e1 limitada ao peso de 25 kg (quilogramas). A entrega da encomenda dar-se-\u00e1 numa data acordada entre o cliente e a MARTA\u2019S no momento da compra, no hor\u00e1rio compreendido entre as 9 horas e as 19 horas.<\/p>&#13;\n<p>No caso de n\u00e3o ser poss\u00edvel a entrega na data acordada, os CTT desenvolver\u00e3o os melhores esfor\u00e7os para nova entrega. De igual modo, no caso de a segunda tentativa de entrega se revelar frustrada, a encomenda ser\u00e1 reencaminhada para o posto de CTT mais pr\u00f3ximo por 5 dias \u00fateis.<\/p>&#13;\n<p>Decorridos esses 5 dias \u00fateis, sem que o cliente proceda ao levantamento da encomenda no posto de CTT mais pr\u00f3ximo do endere\u00e7o postal indicado, a encomenda ser\u00e1 reencaminhada para o showroom MARTA\u2019S e ser-lhe-\u00e1 devolvido o valor dos artigos encomendados.<\/p>&#13;\n<p>A MARTA\u2019S n\u00e3o reembolsar\u00e1 ao cliente os custos despendidos pelo mesmo relativos aos servi\u00e7os de entrega pelos CTT.<\/p>&#13;\n<p><strong>Verifica\u00e7\u00e3o da entrega<\/strong><\/p>&#13;\n<p>No momento da rece\u00e7\u00e3o da mercadoria, o Cliente dever\u00e1 verificar no ato o estado da embalagem. Presume-se que a encomenda foi entregue pela CTT em boas condi\u00e7\u00f5es, salvo se o cliente assinalar, aquando da rece\u00e7\u00e3o da mesma, qualquer dano no \u2018Comprovativo de Entrega\u2019 dos CTT. A CTT s\u00f3 aceitar\u00e1 reclama\u00e7\u00f5es por danos na encomenda se lhe for disponibilizada a embalagem original da encomenda, pelo que ser\u00e1 imprescind\u00edvel que conserve a embalagem.<\/p>&#13;\n<p>No momento da entrega, o Cliente deve verificar toda a mercadoria acondicionada na embalagem, a correspond\u00eancia entre as refer\u00eancias dos artigos adquiridos e as refer\u00eancias dos artigos entregues, a quantidade e o estado dos mesmos.<\/p>&#13;\n<p>No caso de detetar defeitos ou danos nos artigos e\/ou se os artigos n\u00e3o coincidirem com o seu pedido de encomenda, o Cliente deve identificar os danos ou defeitos na folha destinada a esse efeito. Deve tamb\u00e9m contactar a MARTA\u2019S nos 2 dias a seguir \u00e0 data de entrega.<\/p>&#13;\n<p>\u00a0<\/p>&#13;\n<h2><strong>II. Warranty<\/strong><\/h2>&#13;\n<p>A MARTA\u2019S responde, nos termos do disposto no Decreto-Lei n.\u00ba 67\/2003, de 8 de Abril (atualizado pelo Decreto-lei n\u00ba84\/2008 de 21 de Maio), por qualquer falta de conformidade que exista aquando da entrega do bem e que se manifeste dentro dum prazo de dois anos a contar da data de entrega, desde que comunicada \u00e0 MARTA\u2019S num prazo m\u00e1ximo de 2 meses a contar da data em que a tenha detetado. Acessoriamente e sem preju\u00edzo da garantia prevista pela lei, a MARTA\u2019S concede as designadas Garantias que prolongam o per\u00edodo de garantia, em produtos selecionados.<\/p>&#13;\n<p>\u00a0<\/p>&#13;\n<h2><strong>III. Contract termination<\/strong><\/h2>&#13;\n<p>Caso ainda n\u00e3o tenha recebido a sua encomenda tem o direito de Livre Resolu\u00e7\u00e3o de Contrato que dever\u00e1 ser solicitado atrav\u00e9s dos formul\u00e1rios dispon\u00edveis na nossa p\u00e1gina de\u00a0<a href=\"https:\/\/www.ikea.com\/pt\/pt\/customer-service\/contacte-nos-pub15792f41\" target=\"_blank\" rel=\"noopener\">Contactos<\/a>. Neste caso, o valor dos artigos ser-lhe-\u00e1 devolvido, \u00e0 exce\u00e7\u00e3o dos 20\u20ac de valor de recolha e custos de transporte quando associados ao pedido.<\/p>&#13;\n<p>Em conformidade com o previsto no artigo 10.\u00ba do Decreto-Lei n.\u00ba 24\/2014, de 14 de fevereiro (atualizado pelo Decreto-Lei n.\u00ba 78\/2018, de 15 de outubro), o Cliente goza do direito de livre resolu\u00e7\u00e3o, o qual poder\u00e1 ser exercido, sem necessidade de indicar o motivo at\u00e9 14 (catorze) dias ap\u00f3s a data de entrega dos artigos, caso em que o Cliente aceita responsabilizar-se pelo pagamento de todos os encargos de transporte de recolha dos artigos entre a morada de entrega at\u00e9 ao armaz\u00e9m de origem, conforme tarif\u00e1rio de transporte \u00e0 data em vigor. Neste caso, o Cliente mais aceita e reconhece que a MARTA\u2019S proceder\u00e1 ao reembolso dos artigos, deduzido do valor dos referidos encargos de transporte de recolha, no prazo m\u00e1ximo de 14 (catorze) dias contados a partir dessa data, nada mais sendo devido da MARTA\u2019S, seja a que t\u00edtulo for. O Cliente, ou o seu representante, deve comprovar o estado dos artigos no momento da entrega.<\/p>&#13;\n<p>Para o exerc\u00edcio deste direito, dever\u00e1 o Cliente entrar em contacto atrav\u00e9s dos formul\u00e1rios dispon\u00edveis na nossa p\u00e1gina de\u00a0<a href=\"https:\/\/www.martas.pt\/contactos\">Contactos<\/a>, dentro do referido prazo, a sua decis\u00e3o de resolu\u00e7\u00e3o contratual, caso em que a MARTA\u2019S proceder\u00e1 ao envio de um e-mail em resposta com aa confirma\u00e7\u00e3o da resolu\u00e7\u00e3o.<\/p>&#13;\n<p>Qualquer uma das Partes poder\u00e1 resolver o contrato tamb\u00e9m por incumprimento das obriga\u00e7\u00f5es estabelecidas nas presentes Condi\u00e7\u00f5es Gerais.<\/p>&#13;\n<p>\u00a0<\/p>&#13;\n<h2><strong>IV. Exchanges and Returns<\/strong><\/h2>&#13;\n<p>Apenas aceitamos devolu\u00e7\u00f5es no caso de se verificar no ato da entrega que os produtos est\u00e3o manifestamente danificados.<\/p>&#13;\n<p>Nos casos em que se constatar que a encomenda n\u00e3o foi corretamente realizada por motivos imput\u00e1veis \u00e0 MARTA\u2019S, devolveremos o dinheiro.<\/p>&#13;\n<p>A MARTA\u2019S reserva-se o direito de, ainda que cumpridos todos os requisitos por parte do cliente, n\u00e3o realizar a encomenda por motivos imprevistos ou de for\u00e7a maior. Nesse caso informar\u00e1 o cliente e proceder\u00e1 \u00e0 devolu\u00e7\u00e3o do valor total da encomenda.<\/p>&#13;\n<p>\u00a0<\/p>&#13;\n<h2><strong>V. Claims<\/strong><\/h2>&#13;\n<p>O Cliente poder\u00e1 dirigir quaisquer reclama\u00e7\u00f5es \u00e0 MARTA\u2019S, atrav\u00e9s dos contactos dispon\u00edveis na nossa p\u00e1gina de\u00a0<a href=\"https:\/\/www.martas.pt\/contactos\">Contactos<\/a>.<\/p>&#13;\n<p>\u00a0<\/p>&#13;\n<h2><strong>VI. Copyright<\/strong><\/h2>&#13;\n<p>Todos os conte\u00fados inclu\u00eddos na Loja Online, tais como: texto, imagens, logos, \u00edcones, clips audiovisuais e software, constituem propriedade da MARTA\u2019S, ou dos seus fornecedores e encontram-se protegidos pela Lei Internacional de Direitos de Autor.<br\/>As compila\u00e7\u00f5es (entenda-se textos, formata\u00e7\u00e3o e processamento) de todos os conte\u00fados desta Loja Online constituem propriedade exclusiva da MARTA\u2019S, e encontram-se protegidos pela Lei Internacional de Direitos de Autor.<br\/>Todos os softwares utilizados nesta Loja Online constituem propriedade da MARTA\u2019S, ou dos seus fornecedores de software e encontram-se protegidos pela Lei Internacional de Direitos de Autor.<br\/>Qualquer outra utiliza\u00e7\u00e3o, incluindo a reprodu\u00e7\u00e3o, modifica\u00e7\u00e3o, distribui\u00e7\u00e3o, transmiss\u00e3o, republica\u00e7\u00e3o ou difus\u00e3o dos conte\u00fados desta Loja Online s\u00e3o estritamente proibidas.<\/p>&#13;\n<p>\u00a0<\/p>&#13;\n<h2><strong>VII. Brands<\/strong><\/h2>&#13;\n<p>Todas as marcas, servi\u00e7os relacionados com marcas\u00a0e labels (coletivamente designados \u201cMarcas\u201d) constituem propriedade da MARTA\u2019S, ou dos seus respetivos donos que atribuem \u00e0 MARTA\u2019S, o direito e licen\u00e7a de utiliza\u00e7\u00e3o da respetiva Marca.<\/p>&#13;\n<p>\u00a0<\/p>&#13;\n<h2><strong>VIII. Responsibilities<\/strong><\/h2>&#13;\n<p>Toda a informa\u00e7\u00e3o inclu\u00edda nesta Loja Online, mesmo a relacionada com produtos, conte\u00fados e tratamento, serve apenas para fins informativos. \u00c9 geralmente apresentada em sum\u00e1rio ou de forma agregada. Embora a MARTA\u2019S utilize todos os esfor\u00e7os para incluir informa\u00e7\u00e3o atualizada e revista, n\u00e3o pode garantir a aus\u00eancia de informa\u00e7\u00e3o incorreta ou erros tipogr\u00e1ficos.<br\/>A MARTA\u2019S, n\u00e3o assume qualquer responsabilidade por erros ou omiss\u00f5es nos conte\u00fados\u00a0da Loja Online. Deve ler atentamente toda a informa\u00e7\u00e3o fornecida sobre o fabrico do produto, sua embalagem e marca antes de utilizar um produto comprado no nosso site.<br\/>Quaisquer links deste web site para web sites que s\u00e3o operados por terceiros s\u00e3o disponibilizados apenas para sua conveni\u00eancia. N\u00e3o nos responsabilizamos pelos conte\u00fados\u00a0e performance desses sites ou por qualquer transa\u00e7\u00e3o que efetue com eles. A inclus\u00e3o desses links no nosso site n\u00e3o implica que estejamos de acordo com os conte\u00fados utilizados nesses sites.<\/p>&#13;\n<p>\u00a0<\/p>&#13;\n<h2><strong>IX. Law Changes and Applicability<\/strong><\/h2>&#13;\n<p>Reservamo-nos o direito de, em qualquer altura, alterar o site bem como as suas condi\u00e7\u00f5es e pol\u00edticas de utiliza\u00e7\u00e3o.<br\/>A utiliza\u00e7\u00e3o do website www.martas.pt e a aquisi\u00e7\u00e3o de produtos da MARTA\u2019S, deve ser regulamentada e entendida em concord\u00e2ncia com as Leis Portuguesas.<br\/>Qualquer a\u00e7\u00e3o legal ou processo litigioso entre a MARTA\u2019S, e um cliente deve ser resolvida exclusivamente num tribunal da comarca do Porto, Portugal.<\/p>&#13;\n<p>\u00a0<\/p>&#13;\n<h2><strong>X. Taxes Policy<\/strong><\/h2>&#13;\n<p>A taxa de IVA portuguesa \u00e9 aplicada a encomendas efetuadas por consumidores privados que residam em Portugal ou em qualquer outro pa\u00eds da Uni\u00e3o Europeia.<br\/>No caso de empresas que apresentem um n\u00famero de contribuinte v\u00e1lido, a taxa de IVA portuguesa n\u00e3o \u00e9 aplicada.<br\/>Para garantir o cumprimento da Lei Portuguesa, o n\u00famero de contribuinte deve ser verificado pelo nosso servi\u00e7o de apoio ao cliente antes da encomenda ser conclu\u00edda.<\/p>&#13;\n<p>Apesar de pouco frequente, pode ser cobrada uma taxa aduaneira no pa\u00eds de destino de acordo com as leis vigentes desse pa\u00eds.<br\/>O seu pagamento \u00e9 da total responsabilidade do cliente.<\/p>&#13;\n<p>\u00a0<\/p>&#13;\n<h2><strong>XI. Privacy <\/strong><\/h2>&#13;\n<p>Para qualquer eventualidade relacionada com a encomenda, a MARTA\u2019S poder\u00e1 entrar em contacto com o cliente atrav\u00e9s dos contactos por ele fornecidos e de acordo com a\u00a0<a href=\"https:\/\/www.martas.pt\/politica-privacidade\">Pol\u00edtica de Privacidade<\/a>.<\/p>&#13;\n<p>\u00a0<\/p>&#13;\n<h2><strong>XII. Conflict resolution<\/strong><\/h2>&#13;\n<p>Em caso de lit\u00edgio o consumidor pode recorrer a uma Entidade de Resolu\u00e7\u00e3o Alternativa de Lit\u00edgios de consumo: Centro de Informa\u00e7\u00e3o de Consumo e Arbitragem do Porto, Rua Dami\u00e3o de G\u00f3is, n\u00ba 31 \u2013 loja 6 \u2013 4050-225 Porto \u2013 Tel. 225029791 \/ 225508349 Fax 225026109.<br\/>Mais informa\u00e7\u00f5es em Portal do Consumidor www.consumidor.pt ou em https:\/\/webgate.ec.europa.eu\/odr\/main\/index.cfm?event=main.home.show&amp;lng=P<\/p>&#13;\n<p>\u00a0<\/p>&#13;\n<p>\u00a0<\/p>&#13;\n","protected":false},"excerpt":{"rendered":"<p>&#13; Terms and Conditions &#13; \u00a0 &#13; Agradecemos que leia com aten\u00e7\u00e3o o regulamento da Loja Online antes de utiliz\u00e1-la. Ao utilizar esta Loja Online, est\u00e1 automaticamente a concordar com o seu regulamento.A Marta Espregueira Mendes &#8211; Arquitectura e Decora\u00e7\u00e3o de Interiores, Unipessoal, Lda, NIF 503948373, com sede em Rua de Fez, N\u00ba 691 4150-331 [&hellip;]<\/p>\n","protected":false},"author":1,"featured_media":0,"parent":0,"menu_order":0,"comment_status":"closed","ping_status":"closed","template":"","meta":{"footnotes":""},"class_list":["post-79513","page","type-page","status-publish","hentry"],"_links":{"self":[{"href":"https:\/\/www.martas.pt\/en\/wp-json\/wp\/v2\/pages\/79513","targetHints":{"allow":["GET"]}}],"collection":[{"href":"https:\/\/www.martas.pt\/en\/wp-json\/wp\/v2\/pages"}],"about":[{"href":"https:\/\/www.martas.pt\/en\/wp-json\/wp\/v2\/types\/page"}],"author":[{"embeddable":true,"href":"https:\/\/www.martas.pt\/en\/wp-json\/wp\/v2\/users\/1"}],"replies":[{"embeddable":true,"href":"https:\/\/www.martas.pt\/en\/wp-json\/wp\/v2\/comments?post=79513"}],"version-history":[{"count":9,"href":"https:\/\/www.martas.pt\/en\/wp-json\/wp\/v2\/pages\/79513\/revisions"}],"predecessor-version":[{"id":79541,"href":"https:\/\/www.martas.pt\/en\/wp-json\/wp\/v2\/pages\/79513\/revisions\/79541"}],"wp:attachment":[{"href":"https:\/\/www.martas.pt\/en\/wp-json\/wp\/v2\/media?parent=79513"}],"curies":[{"name":"wp","href":"https:\/\/api.w.org\/{rel}","templated":true}]}}